{"id":621,"date":"2024-11-24T16:34:24","date_gmt":"2024-11-24T14:34:24","guid":{"rendered":"https:\/\/nyholmsolutions.fi\/?page_id=621"},"modified":"2025-03-13T21:19:50","modified_gmt":"2025-03-13T19:19:50","slug":"tyopaikka-myynti","status":"publish","type":"page","link":"https:\/\/nyholmsolutions.fi\/fi\/index.php\/tyopaikka-myynti\/","title":{"rendered":"Myynti- ja liiketoiminnan kehitt\u00e4j\u00e4"},"content":{"rendered":"<p>[et_pb_section fb_built=&#8221;1&#8243; _builder_version=&#8221;4.6.1&#8243; _module_preset=&#8221;default&#8221;][et_pb_row _builder_version=&#8221;4.6.1&#8243; _module_preset=&#8221;default&#8221;][et_pb_column type=&#8221;4_4&#8243; _builder_version=&#8221;4.6.1&#8243; _module_preset=&#8221;default&#8221;][et_pb_text _builder_version=&#8221;4.6.1&#8243; _module_preset=&#8221;default&#8221; custom_padding=&#8221;||95px|||&#8221;]<\/p>\n<p><span style=\"color: #666666;\"><b>Myynti- ja liiketoiminnan kehitt\u00e4j\u00e4<\/b><\/span><\/p>\n<p><span style=\"font-weight: 400;\">Oletko kokenut ja sitoutunut henkil\u00f6, joka nauttii asiakkaiden auttamisesta? Haluatko olla mukana tarjoamassa ratkaisuja, jotka tehostavat yrityksi\u00e4 eri toimialoilla? Silloin saatat olla etsim\u00e4mme henkil\u00f6!<\/span><\/p>\n<p><span style=\"font-weight: 400;\">Etsimme Nyholm Solutionsilla avainhenkil\u00f6\u00e4 esittelem\u00e4\u00e4n ja ottamaan k\u00e4ytt\u00f6\u00f6n TROLLE-tuotteemme uusille ja olemassa oleville asiakkaille. TROLLE on ohjelmistoratkaisu, joka sis\u00e4lt\u00e4\u00e4 toimintoja ty\u00f6ajan seurantaan, ty\u00f6m\u00e4\u00e4r\u00e4yksiin sek\u00e4 paikantimien ja sensorien k\u00e4ytt\u00f6\u00f6n resurssien optimointia varten, keskittyen kest\u00e4vyyteen. Asiakkaamme toimivat p\u00e4\u00e4asiassa palvelu-, maanrakennus-, kuljetus- ja kuntasektoreilla.<\/span><\/p>\n<p><b>P\u00e4\u00e4asialliset ty\u00f6teht\u00e4v\u00e4t:<\/b><\/p>\n<ul>\n<li style=\"font-weight: 400;\" aria-level=\"1\"><span style=\"font-weight: 400;\">Rakentaa ja yll\u00e4pit\u00e4\u00e4 pitk\u00e4aikaisia asiakassuhteita luottamuksellisen yhteisty\u00f6n kautta.<\/span><\/li>\n<li style=\"font-weight: 400;\" aria-level=\"1\"><span style=\"font-weight: 400;\">Esitell\u00e4 ja myyd\u00e4 TROLLE keskittyen asiakkaiden tarpeisiin ja toiminnan parantamiseen.<\/span><\/li>\n<li style=\"font-weight: 400;\" aria-level=\"1\"><span style=\"font-weight: 400;\">Johtaa ja koordinoida asiakasprojekteja, mukaan lukien k\u00e4ytt\u00f6\u00f6notto ja koulutus.<\/span><\/li>\n<li style=\"font-weight: 400;\" aria-level=\"1\"><span style=\"font-weight: 400;\">Analysoida asiakkaiden tarpeita ja ehdottaa parhaita ratkaisuja.<\/span><\/li>\n<\/ul>\n<p><b>P\u00e4tevyydet:<\/b><\/p>\n<ul>\n<li style=\"font-weight: 400;\" aria-level=\"1\"><span style=\"font-weight: 400;\">Kokemusta asiakashallinnasta, myynnist\u00e4 ja projektinhallinnasta.<\/span><\/li>\n<li style=\"font-weight: 400;\" aria-level=\"1\"><span style=\"font-weight: 400;\">K\u00e4yt\u00e4nn\u00f6n ymm\u00e4rrys eri toimialojen prosesseista.<\/span><\/li>\n<li style=\"font-weight: 400;\" aria-level=\"1\"><span style=\"font-weight: 400;\">Vahvat viestint\u00e4- ja esiintymistaidot.<\/span><\/li>\n<li style=\"font-weight: 400;\" aria-level=\"1\"><span style=\"font-weight: 400;\">Kyky ty\u00f6skennell\u00e4 sek\u00e4 itsen\u00e4isesti ett\u00e4 tiimiss\u00e4 sek\u00e4 hallita useita projekteja tehokkaalla ajanhallinnalla.<\/span><\/li>\n<li style=\"font-weight: 400;\" aria-level=\"1\"><span style=\"font-weight: 400;\">Erinomainen suomen kielen taito ja hyv\u00e4t ruotsin ja englannin kielen taidot.<\/span><\/li>\n<\/ul>\n<p><b>Tarjoamme:<\/b><\/p>\n<ul>\n<li style=\"font-weight: 400;\" aria-level=\"1\"><span style=\"font-weight: 400;\">Ammattimaisen ja dynaamisen ty\u00f6ymp\u00e4rist\u00f6n kasvavassa yrityksess\u00e4.<\/span><\/li>\n<li style=\"font-weight: 400;\" aria-level=\"1\"><span style=\"font-weight: 400;\">Mahdollisuuden ty\u00f6skennell\u00e4 TROLLE-tuotteen parissa, joka tehostaa asiakkaiden prosesseja.<\/span><\/li>\n<li style=\"font-weight: 400;\" aria-level=\"1\"><span style=\"font-weight: 400;\">Hyv\u00e4t kehittymismahdollisuudet ja mahdollisuuden vaikuttaa yrityksen tulevaan suuntaan ty\u00f6ilmapiiriss\u00e4, jossa yhteisty\u00f6, laatu ja asiakkaan etu ovat keski\u00f6ss\u00e4.<\/span><\/li>\n<\/ul>\n<p><b>Meist\u00e4:<\/b><\/p>\n<p><span style=\"font-weight: 400;\">Nyholm Solutions, jonka kotipaikka on Pietarsaari, on erikoistunut r\u00e4\u00e4t\u00e4l\u00f6ityjen ohjelmistoratkaisujen kehitt\u00e4miseen yrityksille ja organisaatioille. Yhdist\u00e4mme teknisen osaamisen ja ymm\u00e4rryksen asiakkaidemme ainutlaatuisista tarpeista, mik\u00e4 mahdollistaa tehokkaiden ja k\u00e4ytt\u00e4j\u00e4yst\u00e4v\u00e4llisten ratkaisujen luomisen. Keskeinen tuotteemme, TROLLE, on k\u00e4yt\u00f6ss\u00e4 asiakkailla sektoreilla kuten palvelu-, maanrakennus-, kuljetus- ja kuntasektori. TROLLE auttaa asiakkaitamme tehostamaan toimintaansa ty\u00f6ajan seurannan, ty\u00f6m\u00e4\u00e4r\u00e4ysten sek\u00e4 paikantimien ja sensorien avulla resurssien optimointiin.<\/span><\/p>\n<p><b>Hakemus:<\/b><\/p>\n<p><span style=\"font-weight: 400;\">L\u00e4het\u00e4 hakemuksesi ja CV:si s\u00e4hk\u00f6postitse osoitteeseen <\/span><b>ns@nyholmsolutions.fi<\/b><span style=\"font-weight: 400;\"> mahdollisimman pian<\/span><span style=\"font-weight: 400;\">. Merkitse aihekentt\u00e4\u00e4n &#8221;Myynti- ja liiketoiminnan kehitt\u00e4j\u00e4&#8221;. Kysymyksiin vastaa <\/span><b>Andreas Nyholm<\/b><span style=\"font-weight: 400;\">, puh. <\/span><b>050-505 1080<\/b><span style=\"font-weight: 400;\"> tai <\/span><b>andreas.nyholm@nyholmsolutions.fi<\/b><span style=\"font-weight: 400;\">.<\/span><\/p>\n<p><span style=\"font-weight: 400;\">Odotamme hakemustasi!<\/span><\/p>\n<p>[\/et_pb_text][\/et_pb_column][\/et_pb_row][\/et_pb_section]<\/p>\n","protected":false},"excerpt":{"rendered":"<p>Oletko kokenut ja sitoutunut henkil\u00f6, joka nauttii asiakkaiden auttamisesta? Haluatko olla mukana tarjoamassa ratkaisuja, jotka tehostavat yrityksi\u00e4 eri toimialoilla? Silloin saatat olla etsim\u00e4mme henkil\u00f6!<br \/>\nEtsimme Nyholm Solutionsilla avainhenkil\u00f6\u00e4 esittelem\u00e4\u00e4n ja ottamaan k\u00e4ytt\u00f6\u00f6n TROLLE-tuotteemme uusille ja olemassa oleville asiakkaille. TROLLE on ohjelmistoratkaisu, joka sis\u00e4lt\u00e4\u00e4 toimintoja ty\u00f6ajan seurantaan, ty\u00f6m\u00e4\u00e4r\u00e4yksiin sek\u00e4 paikantimien ja sensorien k\u00e4ytt\u00f6\u00f6n resurssien optimointia varten, keskittyen kest\u00e4vyyteen. Asiakkaamme toimivat p\u00e4\u00e4asiassa palvelu-, maanrakennus-, kuljetus- ja kuntasektoreilla.<\/p>\n","protected":false},"author":1,"featured_media":0,"parent":0,"menu_order":0,"comment_status":"closed","ping_status":"closed","template":"","meta":{"_et_pb_use_builder":"on","_et_pb_old_content":"","_et_gb_content_width":""},"_links":{"self":[{"href":"https:\/\/nyholmsolutions.fi\/index.php\/wp-json\/wp\/v2\/pages\/621"}],"collection":[{"href":"https:\/\/nyholmsolutions.fi\/index.php\/wp-json\/wp\/v2\/pages"}],"about":[{"href":"https:\/\/nyholmsolutions.fi\/index.php\/wp-json\/wp\/v2\/types\/page"}],"author":[{"embeddable":true,"href":"https:\/\/nyholmsolutions.fi\/index.php\/wp-json\/wp\/v2\/users\/1"}],"replies":[{"embeddable":true,"href":"https:\/\/nyholmsolutions.fi\/index.php\/wp-json\/wp\/v2\/comments?post=621"}],"version-history":[{"count":5,"href":"https:\/\/nyholmsolutions.fi\/index.php\/wp-json\/wp\/v2\/pages\/621\/revisions"}],"predecessor-version":[{"id":631,"href":"https:\/\/nyholmsolutions.fi\/index.php\/wp-json\/wp\/v2\/pages\/621\/revisions\/631"}],"wp:attachment":[{"href":"https:\/\/nyholmsolutions.fi\/index.php\/wp-json\/wp\/v2\/media?parent=621"}],"curies":[{"name":"wp","href":"https:\/\/api.w.org\/{rel}","templated":true}]}}