{"id":611,"date":"2024-11-24T16:00:21","date_gmt":"2024-11-24T14:00:21","guid":{"rendered":"https:\/\/nyholmsolutions.fi\/?page_id=611"},"modified":"2025-03-13T21:18:37","modified_gmt":"2025-03-13T19:18:37","slug":"jobb-salj-affarsutvecklare","status":"publish","type":"page","link":"https:\/\/nyholmsolutions.fi\/index.php\/jobb-salj-affarsutvecklare\/","title":{"rendered":"S\u00e4lj- och aff\u00e4rsutvecklare"},"content":{"rendered":"<p>[et_pb_section fb_built=&#8221;1&#8243; _builder_version=&#8221;4.6.1&#8243; _module_preset=&#8221;default&#8221;][et_pb_row _builder_version=&#8221;4.6.1&#8243; _module_preset=&#8221;default&#8221;][et_pb_column type=&#8221;4_4&#8243; _builder_version=&#8221;4.6.1&#8243; _module_preset=&#8221;default&#8221;][et_pb_text _builder_version=&#8221;4.6.1&#8243; _module_preset=&#8221;default&#8221;]<\/p>\n<h3><b>S\u00e4lj- och aff\u00e4rsutvecklare<\/b><\/h3>\n<p><span style=\"font-weight: 400;\">\u00c4r du en erfaren och engagerad person som tycker om att hj\u00e4lpa kunder? Vill du vara med och erbjuda l\u00f6sningar som effektiviserar f\u00f6retag inom olika branscher? D\u00e5 kan du vara den vi s\u00f6ker!<\/span><\/p>\n<p><span style=\"font-weight: 400;\">Vi p\u00e5 Nyholm Solutions s\u00f6ker en nyckelperson f\u00f6r att introducera och implementera v\u00e5r produkt TROLLE hos nya och befintliga kunder. TROLLE \u00e4r en programl\u00f6sning med funktioner f\u00f6r arbetstidsuppf\u00f6ljning, arbetsordrar samt anv\u00e4ndning av trackers och sensorer f\u00f6r optimering av resurser, med fokus p\u00e5 h\u00e5llbarhet. V\u00e5ra kunder finns huvudsakligen inom service, jordbyggnad, transport och kommun.<\/span><\/p>\n<p><b>Huvudsakliga arbetsuppgifter:<\/b><\/p>\n<ul>\n<li style=\"font-weight: 400;\" aria-level=\"1\"><span style=\"font-weight: 400;\">Bygga och underh\u00e5lla l\u00e5ngsiktiga kundrelationer genom f\u00f6rtroendefullt samarbete.<\/span><\/li>\n<li style=\"font-weight: 400;\" aria-level=\"1\"><span style=\"font-weight: 400;\">Presentera och s\u00e4lja TROLLE med fokus p\u00e5 kundernas behov och verksamhetsf\u00f6rb\u00e4ttringar.<\/span><\/li>\n<li style=\"font-weight: 400;\" aria-level=\"1\"><span style=\"font-weight: 400;\">Leda och koordinera kundprojekt, inklusive implementering och utbildning.<\/span><\/li>\n<li style=\"font-weight: 400;\" aria-level=\"1\"><span style=\"font-weight: 400;\">Analysera kundernas behov och f\u00f6resl\u00e5 b\u00e4sta l\u00f6sningar.<\/span><\/li>\n<\/ul>\n<p><b>Kvalifikationer:<\/b><\/p>\n<ul>\n<li style=\"font-weight: 400;\" aria-level=\"1\"><span style=\"font-weight: 400;\">Erfarenhet av kundhantering, f\u00f6rs\u00e4ljning och projektledning.<\/span><\/li>\n<li style=\"font-weight: 400;\" aria-level=\"1\"><span style=\"font-weight: 400;\">Praktisk f\u00f6rst\u00e5else av processer inom olika branscher.<\/span><\/li>\n<li style=\"font-weight: 400;\" aria-level=\"1\"><span style=\"font-weight: 400;\">Stark kommunikations- och presentationsf\u00f6rm\u00e5ga.<\/span><\/li>\n<li style=\"font-weight: 400;\" aria-level=\"1\"><span style=\"font-weight: 400;\">F\u00f6rm\u00e5ga att arbeta b\u00e5de sj\u00e4lvst\u00e4ndigt och i team, samt hantera flera projekt med effektiv tidsplanering.<\/span><\/li>\n<li style=\"font-weight: 400;\" aria-level=\"1\"><span style=\"font-weight: 400;\">Utm\u00e4rkta kunskaper i finska och goda kunskaper i svenska och engelska.<\/span><\/li>\n<\/ul>\n<p><b>Vi erbjuder:<\/b><\/p>\n<ul>\n<li style=\"font-weight: 400;\" aria-level=\"1\"><span style=\"font-weight: 400;\">En professionell och dynamisk arbetsmilj\u00f6 i ett v\u00e4xande f\u00f6retag.<\/span><\/li>\n<li style=\"font-weight: 400;\" aria-level=\"1\"><span style=\"font-weight: 400;\">M\u00f6jlighet att arbeta med TROLLE, en produkt som effektiviserar kundernas processer.<\/span><\/li>\n<li style=\"font-weight: 400;\" aria-level=\"1\"><span style=\"font-weight: 400;\">Goda utvecklingsm\u00f6jligheter och chans att p\u00e5verka f\u00f6retagets framtida riktning i ett arbetsklimat d\u00e4r samarbete, kvalitet och kundens b\u00e4sta st\u00e5r i centrum.<\/span><\/li>\n<\/ul>\n<p><b>Om oss:<\/b><\/p>\n<p><span style=\"font-weight: 400;\">Nyholm Solutions, baserat i Jakobstad, specialiserar sig p\u00e5 utveckling av skr\u00e4ddarsydda programl\u00f6sningar f\u00f6r f\u00f6retag och organisationer. Vi kombinerar teknisk kompetens med en f\u00f6rst\u00e5else f\u00f6r v\u00e5ra kunders unika behov, vilket m\u00f6jligg\u00f6r skapandet av effektiva och anv\u00e4ndarv\u00e4nliga l\u00f6sningar. V\u00e5r nyckelprodukt, TROLLE, anv\u00e4nds av kunder inom sektorer s\u00e5som service, jordbyggnad, transport och kommuner. TROLLE hj\u00e4lper v\u00e5ra kunder att effektivisera sina verksamheter genom funktioner f\u00f6r arbetstidsuppf\u00f6ljning, arbetsordrar samt anv\u00e4ndning av trackers och sensorer f\u00f6r optimering av resurser.\u00a0<\/span><\/p>\n<p><b>Ans\u00f6kan:<\/b><\/p>\n<p><span style=\"font-weight: 400;\">Skicka din ans\u00f6kan och CV till <\/span><b>ns@nyholmsolutions.fi<\/b><span style=\"font-weight: 400;\"> snarast m\u00f6jligt<\/span><span style=\"font-weight: 400;\">. Ange &#8221;S\u00e4lj- och aff\u00e4rsutvecklare&#8221; som \u00e4mne. F\u00f6r fr\u00e5gor \u00e4r du v\u00e4lkommen att kontakta <\/span><b>Andreas Nyholm<\/b><span style=\"font-weight: 400;\"> p\u00e5 <\/span><b>050-505 1080<\/b><span style=\"font-weight: 400;\"> eller <\/span><b>andreas.nyholm@nyholmsolutions.fi<\/b><span style=\"font-weight: 400;\">.<\/span><\/p>\n<p><span style=\"font-weight: 400;\">Vi ser fram emot din ans\u00f6kan!<\/span><\/p>\n<p>[\/et_pb_text][\/et_pb_column][\/et_pb_row][\/et_pb_section]<\/p>\n","protected":false},"excerpt":{"rendered":"<p>\u00c4r du en erfaren och engagerad person som tycker om att hj\u00e4lpa kunder? Vill du vara med och erbjuda l\u00f6sningar som effektiviserar f\u00f6retag inom olika branscher? D\u00e5 kan du vara den vi s\u00f6ker!<\/p>\n<p>Vi p\u00e5 Nyholm Solutions s\u00f6ker en nyckelperson f\u00f6r att introducera och implementera v\u00e5r produkt TROLLE hos nya och befintliga kunder. TROLLE \u00e4r en programl\u00f6sning med funktioner f\u00f6r arbetstidsuppf\u00f6ljning, arbetsordrar samt anv\u00e4ndning av trackers och sensorer f\u00f6r optimering av resurser, med fokus p\u00e5 h\u00e5llbarhet. V\u00e5ra kunder finns huvudsakligen inom service, jordbyggnad, transport och kommun.<\/p>\n","protected":false},"author":1,"featured_media":0,"parent":0,"menu_order":0,"comment_status":"closed","ping_status":"closed","template":"","meta":{"_et_pb_use_builder":"on","_et_pb_old_content":"","_et_gb_content_width":""},"_links":{"self":[{"href":"https:\/\/nyholmsolutions.fi\/index.php\/wp-json\/wp\/v2\/pages\/611"}],"collection":[{"href":"https:\/\/nyholmsolutions.fi\/index.php\/wp-json\/wp\/v2\/pages"}],"about":[{"href":"https:\/\/nyholmsolutions.fi\/index.php\/wp-json\/wp\/v2\/types\/page"}],"author":[{"embeddable":true,"href":"https:\/\/nyholmsolutions.fi\/index.php\/wp-json\/wp\/v2\/users\/1"}],"replies":[{"embeddable":true,"href":"https:\/\/nyholmsolutions.fi\/index.php\/wp-json\/wp\/v2\/comments?post=611"}],"version-history":[{"count":4,"href":"https:\/\/nyholmsolutions.fi\/index.php\/wp-json\/wp\/v2\/pages\/611\/revisions"}],"predecessor-version":[{"id":630,"href":"https:\/\/nyholmsolutions.fi\/index.php\/wp-json\/wp\/v2\/pages\/611\/revisions\/630"}],"wp:attachment":[{"href":"https:\/\/nyholmsolutions.fi\/index.php\/wp-json\/wp\/v2\/media?parent=611"}],"curies":[{"name":"wp","href":"https:\/\/api.w.org\/{rel}","templated":true}]}}